{"id":17593,"date":"2025-09-12T17:48:58","date_gmt":"2025-09-12T17:48:58","guid":{"rendered":"https:\/\/magazinuldestickere.ro\/?post_type=product&#038;p=17593"},"modified":"2026-01-26T17:29:39","modified_gmt":"2026-01-26T17:29:39","slug":"tricou-boho-pumpkin","status":"publish","type":"product","link":"https:\/\/magazinuldestickere.ro\/en\/product\/tricou-boho-pumpkin\/","title":{"rendered":"Tricou &#8211; Boho Pumpkin"},"content":{"rendered":"<p><!--StartFragment --><\/p>\n<h4><strong>\ud83c\udf42 Tricou \u201eBoho Pumpkin\u201d \u2013 Toamna \u00eentr-un design cozy \u0219i colorat<\/strong><\/h4>\n<p>Las\u0103-te inspirat\u0103 de frumuse\u021bea sezonului \u0219i adaug\u0103 o not\u0103 artistic\u0103 garderobei tale cu tricoul <strong data-start=\"496\" data-end=\"514\">\u201eBoho Pumpkin\u201d<\/strong>.<\/p>\n<p>Designul s\u0103u vibrant, cu dovleci colora\u021bi \u0219i detalii florale boho, transform\u0103 orice \u021binut\u0103 \u00eentr-o explozie de veselie \u0219i energie pozitiv\u0103. Este alegerea perfect\u0103 pentru iubitoarele de stiluri creative, care ador\u0103 s\u0103 \u00eembine confortul cu originalitatea.<\/p>\n<p>\ud83c\udf3fLucr\u0103m exclusiv \u00een sistem <strong><em data-start=\"188\" data-end=\"205\">print on demand<\/em>,<\/strong> fiecare produs fiind realizat doar la comand\u0103.<\/p>\n<p>&nbsp;<\/p>\n<h4><strong>\ud83c\udf1f De ce o s\u0103-l adori:<\/strong><\/h4>\n<ul>\n<li>Design unic, inspirat de frumuse\u021bea toamnei<\/li>\n<li>Confortabil \u0219i versatil, u\u0219or de purtat zi de zi<\/li>\n<li>Produs realizat la comand\u0103 \u2013 special pentru tine<\/li>\n<\/ul>\n<p>&nbsp;<\/p>\n<h4><strong>Specifica\u021bii<\/strong><\/h4>\n<ul>\n<li>Single Jersey, 100 % bumbac, finisaj cu silicon<\/li>\n<li>Croial\u0103 cambrat\u0103 ce prezint\u0103 cus\u0103turi laterale<\/li>\n<li>Tivul \u00eengust al gulerului este confec\u021bionat din material raiat 1:1, cu adaos de 5 % elastan<\/li>\n<li>Interiorul gulerului prezint\u0103 band\u0103 de \u00eent\u0103rire din acela\u0219i material de baz\u0103<\/li>\n<li>La nivelul umerilor este aplicat\u0103 o cus\u0103tur\u0103 de \u00eent\u0103rire<\/li>\n<li>160 g\/m\u00b2<\/li>\n<li>temperatur\u0103 sp\u0103lare: 40 grade<\/li>\n<\/ul>\n<p>&nbsp;<\/p>\n<p><img loading=\"lazy\" decoding=\"async\" class=\"alignnone wp-image-17592\" src=\"https:\/\/magazinuldestickere.ro\/wp-content\/uploads\/2025\/09\/Screenshot-2025-09-12-204115-1024x825.png\" alt=\"\" width=\"281\" height=\"226\" srcset=\"https:\/\/magazinuldestickere.ro\/wp-content\/uploads\/2025\/09\/Screenshot-2025-09-12-204115-1024x825.png 1024w, https:\/\/magazinuldestickere.ro\/wp-content\/uploads\/2025\/09\/Screenshot-2025-09-12-204115-430x347.png 430w, https:\/\/magazinuldestickere.ro\/wp-content\/uploads\/2025\/09\/Screenshot-2025-09-12-204115-180x145.png 180w, https:\/\/magazinuldestickere.ro\/wp-content\/uploads\/2025\/09\/Screenshot-2025-09-12-204115-700x564.png 700w, https:\/\/magazinuldestickere.ro\/wp-content\/uploads\/2025\/09\/Screenshot-2025-09-12-204115-300x242.png 300w, https:\/\/magazinuldestickere.ro\/wp-content\/uploads\/2025\/09\/Screenshot-2025-09-12-204115-768x619.png 768w, https:\/\/magazinuldestickere.ro\/wp-content\/uploads\/2025\/09\/Screenshot-2025-09-12-204115-15x12.png 15w, https:\/\/magazinuldestickere.ro\/wp-content\/uploads\/2025\/09\/Screenshot-2025-09-12-204115-640x516.png 640w, https:\/\/magazinuldestickere.ro\/wp-content\/uploads\/2025\/09\/Screenshot-2025-09-12-204115-400x322.png 400w, https:\/\/magazinuldestickere.ro\/wp-content\/uploads\/2025\/09\/Screenshot-2025-09-12-204115.png 1077w\" sizes=\"auto, (max-width: 281px) 100vw, 281px\" \/><img loading=\"lazy\" decoding=\"async\" class=\"alignnone wp-image-17591\" src=\"https:\/\/magazinuldestickere.ro\/wp-content\/uploads\/2025\/09\/Screenshot_7-scaled.png\" alt=\"\" width=\"668\" height=\"141\" srcset=\"https:\/\/magazinuldestickere.ro\/wp-content\/uploads\/2025\/09\/Screenshot_7-scaled.png 1080w, https:\/\/magazinuldestickere.ro\/wp-content\/uploads\/2025\/09\/Screenshot_7-scaled-430x91.png 430w, https:\/\/magazinuldestickere.ro\/wp-content\/uploads\/2025\/09\/Screenshot_7-scaled-180x38.png 180w, https:\/\/magazinuldestickere.ro\/wp-content\/uploads\/2025\/09\/Screenshot_7-scaled-700x148.png 700w, https:\/\/magazinuldestickere.ro\/wp-content\/uploads\/2025\/09\/Screenshot_7-300x63.png 300w, https:\/\/magazinuldestickere.ro\/wp-content\/uploads\/2025\/09\/Screenshot_7-1024x216.png 1024w, https:\/\/magazinuldestickere.ro\/wp-content\/uploads\/2025\/09\/Screenshot_7-768x162.png 768w, https:\/\/magazinuldestickere.ro\/wp-content\/uploads\/2025\/09\/Screenshot_7-18x4.png 18w, https:\/\/magazinuldestickere.ro\/wp-content\/uploads\/2025\/09\/Screenshot_7-640x135.png 640w, https:\/\/magazinuldestickere.ro\/wp-content\/uploads\/2025\/09\/Screenshot_7-400x84.png 400w\" sizes=\"auto, (max-width: 668px) 100vw, 668px\" \/><\/p>\n<p><!--EndFragment --><\/p>","protected":false},"excerpt":{"rendered":"<p>\ud83c\udf42 Tricou \u201eBoho Pumpkin\u201d \u2013 Toamna \u00eentr-un design cozy \u0219i colorat Las\u0103-te inspirat\u0103 de frumuse\u021bea sezonului \u0219i adaug\u0103 o not\u0103<\/p>","protected":false},"featured_media":17600,"comment_status":"open","ping_status":"closed","template":"","meta":[],"product_brand":[],"product_cat":[747],"product_tag":[],"class_list":{"0":"post-17593","1":"product","2":"type-product","3":"status-publish","4":"has-post-thumbnail","6":"product_cat-tricouri","8":"first","9":"instock","10":"shipping-taxable","11":"purchasable","12":"product-type-variable"},"yoast_head":"<!-- This site is optimized with the Yoast SEO Premium plugin v19.1 (Yoast SEO v26.0) - https:\/\/yoast.com\/wordpress\/plugins\/seo\/ -->\n<title>Tricou - Boho Pumpkin | magazinuldestickere.ro<\/title>\n<meta name=\"description\" content=\"Tricou Boho Pumpkin din bumbac 100%, cu design floral \u0219i dovleci colora\u021bi. Perfect pentru \u021binute de toamn\u0103 boho chic, confortabil \u0219i original.\" \/>\n<meta name=\"robots\" content=\"index, follow, max-snippet:-1, max-image-preview:large, max-video-preview:-1\" \/>\n<link rel=\"canonical\" href=\"https:\/\/magazinuldestickere.ro\/en\/product\/tricou-boho-pumpkin\/\" \/>\n<meta property=\"og:locale\" content=\"en_US\" \/>\n<meta property=\"og:type\" content=\"article\" \/>\n<meta property=\"og:title\" content=\"Tricou - Boho Pumpkin\" \/>\n<meta property=\"og:description\" content=\"Tricou Boho Pumpkin din bumbac 100%, cu design floral \u0219i dovleci colora\u021bi. Perfect pentru \u021binute de toamn\u0103 boho chic, confortabil \u0219i original.\" \/>\n<meta property=\"og:url\" content=\"https:\/\/magazinuldestickere.ro\/en\/product\/tricou-boho-pumpkin\/\" \/>\n<meta property=\"og:site_name\" content=\"magazinuldestickere.ro\" \/>\n<meta property=\"article:publisher\" content=\"https:\/\/www.facebook.com\/magazinuldestickere.ro?locale=ro_RO\" \/>\n<meta property=\"article:modified_time\" content=\"2026-01-26T17:29:39+00:00\" \/>\n<meta property=\"og:image\" content=\"https:\/\/magazinuldestickere.ro\/wp-content\/uploads\/2025\/09\/tricou-dama-134-00-boho-pumpkin-magazinuldestickere.jpg\" \/>\n\t<meta property=\"og:image:width\" content=\"1000\" \/>\n\t<meta property=\"og:image:height\" content=\"1000\" \/>\n\t<meta property=\"og:image:type\" content=\"image\/jpeg\" \/>\n<meta name=\"twitter:card\" content=\"summary_large_image\" \/>\n<meta name=\"twitter:label1\" content=\"Est. reading time\" \/>\n\t<meta name=\"twitter:data1\" content=\"2 minutes\" \/>\n<script type=\"application\/ld+json\" class=\"yoast-schema-graph\">{\"@context\":\"https:\/\/schema.org\",\"@graph\":[{\"@type\":\"WebPage\",\"@id\":\"https:\/\/magazinuldestickere.ro\/produs\/tricou-boho-pumpkin\/\",\"url\":\"https:\/\/magazinuldestickere.ro\/produs\/tricou-boho-pumpkin\/\",\"name\":\"Tricou - Boho Pumpkin | magazinuldestickere.ro\",\"isPartOf\":{\"@id\":\"https:\/\/magazinuldestickere.ro\/#website\"},\"primaryImageOfPage\":{\"@id\":\"https:\/\/magazinuldestickere.ro\/produs\/tricou-boho-pumpkin\/#primaryimage\"},\"image\":{\"@id\":\"https:\/\/magazinuldestickere.ro\/produs\/tricou-boho-pumpkin\/#primaryimage\"},\"thumbnailUrl\":\"https:\/\/magazinuldestickere.ro\/wp-content\/uploads\/2025\/09\/tricou-dama-134-00-boho-pumpkin-magazinuldestickere.jpg\",\"datePublished\":\"2025-09-12T17:48:58+00:00\",\"dateModified\":\"2026-01-26T17:29:39+00:00\",\"description\":\"Tricou Boho Pumpkin din bumbac 100%, cu design floral \u0219i dovleci colora\u021bi. Perfect pentru \u021binute de toamn\u0103 boho chic, confortabil \u0219i original.\",\"breadcrumb\":{\"@id\":\"https:\/\/magazinuldestickere.ro\/produs\/tricou-boho-pumpkin\/#breadcrumb\"},\"inLanguage\":\"en-US\",\"potentialAction\":[{\"@type\":\"ReadAction\",\"target\":[\"https:\/\/magazinuldestickere.ro\/produs\/tricou-boho-pumpkin\/\"]}]},{\"@type\":\"ImageObject\",\"inLanguage\":\"en-US\",\"@id\":\"https:\/\/magazinuldestickere.ro\/produs\/tricou-boho-pumpkin\/#primaryimage\",\"url\":\"https:\/\/magazinuldestickere.ro\/wp-content\/uploads\/2025\/09\/tricou-dama-134-00-boho-pumpkin-magazinuldestickere.jpg\",\"contentUrl\":\"https:\/\/magazinuldestickere.ro\/wp-content\/uploads\/2025\/09\/tricou-dama-134-00-boho-pumpkin-magazinuldestickere.jpg\",\"width\":1000,\"height\":1000},{\"@type\":\"BreadcrumbList\",\"@id\":\"https:\/\/magazinuldestickere.ro\/produs\/tricou-boho-pumpkin\/#breadcrumb\",\"itemListElement\":[{\"@type\":\"ListItem\",\"position\":1,\"name\":\"Prima pagin\u0103\",\"item\":\"https:\/\/magazinuldestickere.ro\/\"},{\"@type\":\"ListItem\",\"position\":2,\"name\":\"Shop\",\"item\":\"https:\/\/magazinuldestickere.ro\/shop-2\/\"},{\"@type\":\"ListItem\",\"position\":3,\"name\":\"Tricou &#8211; Boho Pumpkin\"}]},{\"@type\":\"WebSite\",\"@id\":\"https:\/\/magazinuldestickere.ro\/#website\",\"url\":\"https:\/\/magazinuldestickere.ro\/\",\"name\":\"magazinuldestickere.ro\",\"description\":\"\",\"publisher\":{\"@id\":\"https:\/\/magazinuldestickere.ro\/#organization\"},\"potentialAction\":[{\"@type\":\"SearchAction\",\"target\":{\"@type\":\"EntryPoint\",\"urlTemplate\":\"https:\/\/magazinuldestickere.ro\/?s={search_term_string}\"},\"query-input\":{\"@type\":\"PropertyValueSpecification\",\"valueRequired\":true,\"valueName\":\"search_term_string\"}}],\"inLanguage\":\"en-US\"},{\"@type\":\"Organization\",\"@id\":\"https:\/\/magazinuldestickere.ro\/#organization\",\"name\":\"magazinuldestickere.ro\",\"alternateName\":\"MDS\",\"url\":\"https:\/\/magazinuldestickere.ro\/\",\"logo\":{\"@type\":\"ImageObject\",\"inLanguage\":\"en-US\",\"@id\":\"https:\/\/magazinuldestickere.ro\/#\/schema\/logo\/image\/\",\"url\":\"https:\/\/magazinuldestickere.ro\/wp-content\/uploads\/2023\/01\/logo-fb.png\",\"contentUrl\":\"https:\/\/magazinuldestickere.ro\/wp-content\/uploads\/2023\/01\/logo-fb.png\",\"width\":2500,\"height\":2500,\"caption\":\"magazinuldestickere.ro\"},\"image\":{\"@id\":\"https:\/\/magazinuldestickere.ro\/#\/schema\/logo\/image\/\"},\"sameAs\":[\"https:\/\/www.facebook.com\/magazinuldestickere.ro?locale=ro_RO\",\"https:\/\/www.instagram.com\/magazinuldestickere.ro\/\"]}]}<\/script>\n<!-- \/ Yoast SEO Premium plugin. -->","yoast_head_json":{"title":"Tricou - Boho Pumpkin | magazinuldestickere.ro","description":"Tricou Boho Pumpkin din bumbac 100%, cu design floral \u0219i dovleci colora\u021bi. Perfect pentru \u021binute de toamn\u0103 boho chic, confortabil \u0219i original.","robots":{"index":"index","follow":"follow","max-snippet":"max-snippet:-1","max-image-preview":"max-image-preview:large","max-video-preview":"max-video-preview:-1"},"canonical":"https:\/\/magazinuldestickere.ro\/en\/product\/tricou-boho-pumpkin\/","og_locale":"en_US","og_type":"article","og_title":"Tricou - Boho Pumpkin","og_description":"Tricou Boho Pumpkin din bumbac 100%, cu design floral \u0219i dovleci colora\u021bi. Perfect pentru \u021binute de toamn\u0103 boho chic, confortabil \u0219i original.","og_url":"https:\/\/magazinuldestickere.ro\/en\/product\/tricou-boho-pumpkin\/","og_site_name":"magazinuldestickere.ro","article_publisher":"https:\/\/www.facebook.com\/magazinuldestickere.ro?locale=ro_RO","article_modified_time":"2026-01-26T17:29:39+00:00","og_image":[{"width":1000,"height":1000,"url":"https:\/\/magazinuldestickere.ro\/wp-content\/uploads\/2025\/09\/tricou-dama-134-00-boho-pumpkin-magazinuldestickere.jpg","type":"image\/jpeg"}],"twitter_card":"summary_large_image","twitter_misc":{"Est. reading time":"2 minutes"},"schema":{"@context":"https:\/\/schema.org","@graph":[{"@type":"WebPage","@id":"https:\/\/magazinuldestickere.ro\/produs\/tricou-boho-pumpkin\/","url":"https:\/\/magazinuldestickere.ro\/produs\/tricou-boho-pumpkin\/","name":"Tricou - Boho Pumpkin | magazinuldestickere.ro","isPartOf":{"@id":"https:\/\/magazinuldestickere.ro\/#website"},"primaryImageOfPage":{"@id":"https:\/\/magazinuldestickere.ro\/produs\/tricou-boho-pumpkin\/#primaryimage"},"image":{"@id":"https:\/\/magazinuldestickere.ro\/produs\/tricou-boho-pumpkin\/#primaryimage"},"thumbnailUrl":"https:\/\/magazinuldestickere.ro\/wp-content\/uploads\/2025\/09\/tricou-dama-134-00-boho-pumpkin-magazinuldestickere.jpg","datePublished":"2025-09-12T17:48:58+00:00","dateModified":"2026-01-26T17:29:39+00:00","description":"Tricou Boho Pumpkin din bumbac 100%, cu design floral \u0219i dovleci colora\u021bi. Perfect pentru \u021binute de toamn\u0103 boho chic, confortabil \u0219i original.","breadcrumb":{"@id":"https:\/\/magazinuldestickere.ro\/produs\/tricou-boho-pumpkin\/#breadcrumb"},"inLanguage":"en-US","potentialAction":[{"@type":"ReadAction","target":["https:\/\/magazinuldestickere.ro\/produs\/tricou-boho-pumpkin\/"]}]},{"@type":"ImageObject","inLanguage":"en-US","@id":"https:\/\/magazinuldestickere.ro\/produs\/tricou-boho-pumpkin\/#primaryimage","url":"https:\/\/magazinuldestickere.ro\/wp-content\/uploads\/2025\/09\/tricou-dama-134-00-boho-pumpkin-magazinuldestickere.jpg","contentUrl":"https:\/\/magazinuldestickere.ro\/wp-content\/uploads\/2025\/09\/tricou-dama-134-00-boho-pumpkin-magazinuldestickere.jpg","width":1000,"height":1000},{"@type":"BreadcrumbList","@id":"https:\/\/magazinuldestickere.ro\/produs\/tricou-boho-pumpkin\/#breadcrumb","itemListElement":[{"@type":"ListItem","position":1,"name":"Prima pagin\u0103","item":"https:\/\/magazinuldestickere.ro\/"},{"@type":"ListItem","position":2,"name":"Shop","item":"https:\/\/magazinuldestickere.ro\/shop-2\/"},{"@type":"ListItem","position":3,"name":"Tricou &#8211; Boho Pumpkin"}]},{"@type":"WebSite","@id":"https:\/\/magazinuldestickere.ro\/#website","url":"https:\/\/magazinuldestickere.ro\/","name":"magazinuldestickere.ro","description":"","publisher":{"@id":"https:\/\/magazinuldestickere.ro\/#organization"},"potentialAction":[{"@type":"SearchAction","target":{"@type":"EntryPoint","urlTemplate":"https:\/\/magazinuldestickere.ro\/?s={search_term_string}"},"query-input":{"@type":"PropertyValueSpecification","valueRequired":true,"valueName":"search_term_string"}}],"inLanguage":"en-US"},{"@type":"Organization","@id":"https:\/\/magazinuldestickere.ro\/#organization","name":"magazinuldestickere.ro","alternateName":"MDS","url":"https:\/\/magazinuldestickere.ro\/","logo":{"@type":"ImageObject","inLanguage":"en-US","@id":"https:\/\/magazinuldestickere.ro\/#\/schema\/logo\/image\/","url":"https:\/\/magazinuldestickere.ro\/wp-content\/uploads\/2023\/01\/logo-fb.png","contentUrl":"https:\/\/magazinuldestickere.ro\/wp-content\/uploads\/2023\/01\/logo-fb.png","width":2500,"height":2500,"caption":"magazinuldestickere.ro"},"image":{"@id":"https:\/\/magazinuldestickere.ro\/#\/schema\/logo\/image\/"},"sameAs":["https:\/\/www.facebook.com\/magazinuldestickere.ro?locale=ro_RO","https:\/\/www.instagram.com\/magazinuldestickere.ro\/"]}]}},"jetpack_sharing_enabled":true,"_links":{"self":[{"href":"https:\/\/magazinuldestickere.ro\/en\/wp-json\/wp\/v2\/product\/17593","targetHints":{"allow":["GET"]}}],"collection":[{"href":"https:\/\/magazinuldestickere.ro\/en\/wp-json\/wp\/v2\/product"}],"about":[{"href":"https:\/\/magazinuldestickere.ro\/en\/wp-json\/wp\/v2\/types\/product"}],"replies":[{"embeddable":true,"href":"https:\/\/magazinuldestickere.ro\/en\/wp-json\/wp\/v2\/comments?post=17593"}],"version-history":[{"count":1,"href":"https:\/\/magazinuldestickere.ro\/en\/wp-json\/wp\/v2\/product\/17593\/revisions"}],"predecessor-version":[{"id":18531,"href":"https:\/\/magazinuldestickere.ro\/en\/wp-json\/wp\/v2\/product\/17593\/revisions\/18531"}],"wp:featuredmedia":[{"embeddable":true,"href":"https:\/\/magazinuldestickere.ro\/en\/wp-json\/wp\/v2\/media\/17600"}],"wp:attachment":[{"href":"https:\/\/magazinuldestickere.ro\/en\/wp-json\/wp\/v2\/media?parent=17593"}],"wp:term":[{"taxonomy":"product_brand","embeddable":true,"href":"https:\/\/magazinuldestickere.ro\/en\/wp-json\/wp\/v2\/product_brand?post=17593"},{"taxonomy":"product_cat","embeddable":true,"href":"https:\/\/magazinuldestickere.ro\/en\/wp-json\/wp\/v2\/product_cat?post=17593"},{"taxonomy":"product_tag","embeddable":true,"href":"https:\/\/magazinuldestickere.ro\/en\/wp-json\/wp\/v2\/product_tag?post=17593"}],"curies":[{"name":"wp","href":"https:\/\/api.w.org\/{rel}","templated":true}]}}