{"id":18934,"date":"2026-02-16T17:24:03","date_gmt":"2026-02-16T17:24:03","guid":{"rendered":"https:\/\/magazinuldestickere.ro\/?post_type=product&#038;p=18934"},"modified":"2026-02-16T17:29:19","modified_gmt":"2026-02-16T17:29:19","slug":"cana-super-dad","status":"publish","type":"product","link":"https:\/\/magazinuldestickere.ro\/en\/product\/cana-super-dad\/","title":{"rendered":"Can\u0103 &#8211; Super Dad"},"content":{"rendered":"<div data-elementor-type=\"product-post\" data-elementor-id=\"18934\" class=\"elementor elementor-18934\" data-elementor-post-type=\"product\">\n\t\t\t\t<div class=\"wd-negative-gap elementor-element elementor-element-3905900d e-flex e-con-boxed e-con e-parent\" data-id=\"3905900d\" data-element_type=\"container\" data-e-type=\"container\">\n\t\t\t\t\t<div class=\"e-con-inner\">\n\t\t<div class=\"elementor-element elementor-element-d709732 e-con-full e-flex e-con e-child\" data-id=\"d709732\" data-element_type=\"container\" data-e-type=\"container\">\n\t\t<div class=\"elementor-element elementor-element-b34cf14 e-con-full e-flex e-con e-child\" data-id=\"b34cf14\" data-element_type=\"container\" data-e-type=\"container\">\n\t\t\t\t<div class=\"elementor-element elementor-element-52136c4 elementor-widget elementor-widget-wd_text_block\" data-id=\"52136c4\" data-element_type=\"widget\" data-e-type=\"widget\" data-widget_type=\"wd_text_block.default\">\n\t\t\t\t<div class=\"elementor-widget-container\">\n\t\t\t\t\t\t\t<div class=\"wd-text-block reset-last-child text-left\">\n\t\t\t\n\t\t\t<p data-start=\"1038\" data-end=\"1190\">Un cadou inspirat pentru orice ocazie.<br data-start=\"1076\" data-end=\"1079\" \/>\u00cembin\u0103 utilitatea cu un design atent selec\u021bionat, transform\u00e2nd un obiect obi\u0219nuit \u00eentr-un gest cu semnifica\u021bie.<\/p><p data-start=\"1192\" data-end=\"1257\">Potrivit\u0103 pentru momente speciale sau pentru bucuria de zi cu zi.<\/p>\n\t\t\t\t\t<\/div>\n\t\t\t\t\t\t<\/div>\n\t\t\t\t<\/div>\n\t\t<div class=\"elementor-element elementor-element-7b16336 e-con-full e-flex e-con e-child\" data-id=\"7b16336\" data-element_type=\"container\" data-e-type=\"container\">\n\t\t<div class=\"elementor-element elementor-element-863e20a e-con-full e-flex e-con e-child\" data-id=\"863e20a\" data-element_type=\"container\" data-e-type=\"container\">\n\t\t<div class=\"elementor-element elementor-element-bd860ec e-con-full e-flex e-con e-child\" data-id=\"bd860ec\" data-element_type=\"container\" data-e-type=\"container\">\n\t\t\t\t<div class=\"elementor-element elementor-element-9853034 elementor-widget elementor-widget-wd_image_or_svg\" data-id=\"9853034\" data-element_type=\"widget\" data-e-type=\"widget\" data-widget_type=\"wd_image_or_svg.default\">\n\t\t\t\t<div class=\"elementor-widget-container\">\n\t\t\t\t\t\n\t\t<div class=\"wd-image text-left\">\n\t\t\t\t\t\t\t\t<img decoding=\"async\" src=\"https:\/\/magazinuldestickere.ro\/wp-content\/uploads\/2026\/02\/0_Cup_Coffee_Cup_3840x2160-1.gif\" class=\"attachment-full size-full\" alt=\"\" \/>\t\t\t\t\t<\/div>\n\n\t\t\t\t\t\t<\/div>\n\t\t\t\t<\/div>\n\t\t\t\t<\/div>\n\t\t<div class=\"elementor-element elementor-element-9069307 e-con-full e-flex e-con e-child\" data-id=\"9069307\" data-element_type=\"container\" data-e-type=\"container\">\n\t\t\t\t<div class=\"elementor-element elementor-element-6c0693d elementor-widget elementor-widget-wd_infobox\" data-id=\"6c0693d\" data-element_type=\"widget\" data-e-type=\"widget\" data-widget_type=\"wd_infobox.default\">\n\t\t\t\t<div class=\"elementor-widget-container\">\n\t\t\t\t\t\t\t<div class=\"info-box-wrapper\">\n\t\t\t<div class=\"wd-info-box text-left box-icon-align-left box-style-base color-scheme- wd-items-top\">\n\t\t\t\t\t\t\t\t\t<div class=\"box-icon-wrapper  box-with-icon box-icon-simple\">\n\t\t\t\t\t\t<div class=\"info-box-icon\">\n\t\t\t\t\t\t\t\t\t\t\t\t\t\t\t<div class=\"info-svg-wrapper\" style=\"width:20px; height:20px;\"><img decoding=\"async\"  src=\"https:\/\/magazinuldestickere.ro\/wp-content\/uploads\/2025\/03\/collection.svg\" title=\"collection\" loading=\"lazy\" width=\"20\" height=\"20\"><\/div>\t\t\t\t\t\t\t\t\t\t\t\t\t<\/div>\n\t\t\t\t\t<\/div>\n\t\t\t\t\n\t\t\t\t<div class=\"info-box-content\">\n\t\t\t\t\t\n\t\t\t\t\t\t\t\t\t\t\t<h4\t\t\t\t\t\tclass=\"info-box-title title box-title-style-default wd-fontsize-s\" data-elementor-setting-key=\"title\">\n\t\t\t\t\t\t\t\tMaterial\t\t\t\t\t\t<\/h4>\n\t\t\t\t\t\n\t\t\t\t\t<div class=\"info-box-inner reset-last-child\"data-elementor-setting-key=\"content\"><p>Ceramic\u0103<\/p>\n<\/div>\n\n\t\t\t\t\t\t\t\t\t<\/div>\n\n\t\t\t\t\t\t\t<\/div>\n\t\t<\/div>\n\t\t\t\t\t\t<\/div>\n\t\t\t\t<\/div>\n\t\t\t\t<div class=\"elementor-element elementor-element-a996dd1 elementor-widget elementor-widget-wd_infobox\" data-id=\"a996dd1\" data-element_type=\"widget\" data-e-type=\"widget\" data-widget_type=\"wd_infobox.default\">\n\t\t\t\t<div class=\"elementor-widget-container\">\n\t\t\t\t\t\t\t<div class=\"info-box-wrapper\">\n\t\t\t<div class=\"wd-info-box text-left box-icon-align-left box-style-base color-scheme- wd-items-top\">\n\t\t\t\t\t\t\t\t\t<div class=\"box-icon-wrapper  box-with-icon box-icon-simple\">\n\t\t\t\t\t\t<div class=\"info-box-icon\">\n\t\t\t\t\t\t\t\t\t\t\t\t\t\t\t<div class=\"info-svg-wrapper\" style=\"width:20px; height:20px;\"><img decoding=\"async\"  src=\"https:\/\/magazinuldestickere.ro\/wp-content\/uploads\/2025\/03\/materials.svg\" title=\"materials\" loading=\"lazy\" width=\"20\" height=\"20\"><\/div>\t\t\t\t\t\t\t\t\t\t\t\t\t<\/div>\n\t\t\t\t\t<\/div>\n\t\t\t\t\n\t\t\t\t<div class=\"info-box-content\">\n\t\t\t\t\t\n\t\t\t\t\t\t\t\t\t\t\t<h4\t\t\t\t\t\tclass=\"info-box-title title box-title-style-default wd-fontsize-s\" data-elementor-setting-key=\"title\">\n\t\t\t\t\t\t\t\tPersonalizare\t\t\t\t\t\t<\/h4>\n\t\t\t\t\t\n\t\t\t\t\t<div class=\"info-box-inner reset-last-child\"data-elementor-setting-key=\"content\"><p>prin sublimare<\/p>\n<\/div>\n\n\t\t\t\t\t\t\t\t\t<\/div>\n\n\t\t\t\t\t\t\t<\/div>\n\t\t<\/div>\n\t\t\t\t\t\t<\/div>\n\t\t\t\t<\/div>\n\t\t\t\t<div class=\"elementor-element elementor-element-4c72876 elementor-widget elementor-widget-wd_infobox\" data-id=\"4c72876\" data-element_type=\"widget\" data-e-type=\"widget\" data-widget_type=\"wd_infobox.default\">\n\t\t\t\t<div class=\"elementor-widget-container\">\n\t\t\t\t\t\t\t<div class=\"info-box-wrapper\">\n\t\t\t<div class=\"wd-info-box text-left box-icon-align-left box-style-base color-scheme- wd-items-top\">\n\t\t\t\t\t\t\t\t\t<div class=\"box-icon-wrapper  box-with-icon box-icon-simple\">\n\t\t\t\t\t\t<div class=\"info-box-icon\">\n\t\t\t\t\t\t\t\t\t\t\t\t\t\t\t<div class=\"info-svg-wrapper\" style=\"width:25px; height:25px;\"><img decoding=\"async\"  src=\"https:\/\/magazinuldestickere.ro\/wp-content\/uploads\/2026\/01\/delivery-time.svg\" title=\"delivery-time\" loading=\"lazy\" width=\"25\" height=\"25\"><\/div>\t\t\t\t\t\t\t\t\t\t\t\t\t<\/div>\n\t\t\t\t\t<\/div>\n\t\t\t\t\n\t\t\t\t<div class=\"info-box-content\">\n\t\t\t\t\t\n\t\t\t\t\t\t\t\t\t\t\t<h4\t\t\t\t\t\tclass=\"info-box-title title box-title-style-default wd-fontsize-s\" data-elementor-setting-key=\"title\">\n\t\t\t\t\t\t\t\tLivrare rapid\u0103\t\t\t\t\t\t<\/h4>\n\t\t\t\t\t\n\t\t\t\t\t<div class=\"info-box-inner reset-last-child\"data-elementor-setting-key=\"content\"><p>24-48h<\/p>\n<\/div>\n\n\t\t\t\t\t\t\t\t\t<\/div>\n\n\t\t\t\t\t\t\t<\/div>\n\t\t<\/div>\n\t\t\t\t\t\t<\/div>\n\t\t\t\t<\/div>\n\t\t\t\t<\/div>\n\t\t\t\t<\/div>\n\t\t\t\t<\/div>\n\t\t\t\t<div class=\"elementor-element elementor-element-4318c2e wd-width-100 elementor-widget elementor-widget-wd_title\" data-id=\"4318c2e\" data-element_type=\"widget\" data-e-type=\"widget\" data-widget_type=\"wd_title.default\">\n\t\t\t\t<div class=\"elementor-widget-container\">\n\t\t\t\t\t\t\t<div class=\"title-wrapper wd-set-mb reset-last-child wd-title-color-default wd-title-style-default wd-title-size-default text-left\">\n\n\t\t\t\n\t\t\t<div class=\"liner-continer\">\n\t\t\t\t<h4 class=\"woodmart-title-container title wd-fontsize-l\">Tehnologie de Imprimare prin Sublimare<\/h4> \n\t\t\t\t\t\t\t<\/div>\n\n\t\t\t\t\t<\/div>\n\t\t\t\t\t\t<\/div>\n\t\t\t\t<\/div>\n\t\t\t\t<div class=\"elementor-element elementor-element-b145908 elementor-widget elementor-widget-wd_text_block\" data-id=\"b145908\" data-element_type=\"widget\" data-e-type=\"widget\" data-widget_type=\"wd_text_block.default\">\n\t\t\t\t<div class=\"elementor-widget-container\">\n\t\t\t\t\t\t\t<div class=\"wd-text-block reset-last-child text-left\">\n\t\t\t\n\t\t\t<p data-path-to-node=\"10,1\">Fiecare can\u0103 este realizat\u0103 prin procesul de <b data-path-to-node=\"10,1\" data-index-in-node=\"45\">sublimare<\/b>, o metod\u0103 care transfer\u0103 cerneala direct \u00een structura ceramic\u0103 a c\u0103nii la temperaturi \u00eenalte. Rezultatul? O imagine integrat\u0103 perfect, culori vibrante \u0219i un luciu deosebit.<\/p>\n\t\t\t\t\t<\/div>\n\t\t\t\t\t\t<\/div>\n\t\t\t\t<\/div>\n\t\t\t\t<\/div>\n\t\t<div class=\"elementor-element elementor-element-c37a460 e-con-full e-flex e-con e-child\" data-id=\"c37a460\" data-element_type=\"container\" data-e-type=\"container\">\n\t\t\t\t<div class=\"elementor-element elementor-element-ecf6630 wd-width-100 elementor-widget elementor-widget-wd_images_gallery\" data-id=\"ecf6630\" data-element_type=\"widget\" data-e-type=\"widget\" data-widget_type=\"wd_images_gallery.default\">\n\t\t\t\t<div class=\"elementor-widget-container\">\n\t\t\t\t\t\t\t<div class=\"wd-images-gallery photoswipe-images\" style=\"--wd-align-items:center; --wd-justify-content:center;\">\n\t\t\t\t\t\t<div class=\"wd-grid-g\" style=\"--wd-col-lg:2;--wd-col-md:2;--wd-col-sm:2;--wd-gap-lg:20px;--wd-gap-sm:10px;\" >\n\t\t\t\t\t\t\t\t\t\t\t\t\t\t\t\t\t\t<div class=\"wd-gallery-item wd-col\">\n\t\t\t\t\t\t\t\t\t\t\t\t\t<a  href=\"https:\/\/magazinuldestickere.ro\/wp-content\/uploads\/2026\/02\/printing-mugs-workshop-scaled.jpg\" data-width=\"2048\" data-height=\"2560\" data-index=\"1\" data-elementor-open-lightbox=\"no\">\n\t\t\t\t\t\t\n\t\t\t\t\t\t<img loading=\"lazy\" decoding=\"async\" width=\"2048\" height=\"2560\" src=\"https:\/\/magazinuldestickere.ro\/wp-content\/uploads\/2026\/02\/printing-mugs-workshop-scaled.jpg\" class=\"attachment-full size-full\" alt=\"Printing On Mugs In Workshop\" srcset=\"https:\/\/magazinuldestickere.ro\/wp-content\/uploads\/2026\/02\/printing-mugs-workshop-scaled.jpg 2048w, https:\/\/magazinuldestickere.ro\/wp-content\/uploads\/2026\/02\/printing-mugs-workshop-240x300.jpg 240w, https:\/\/magazinuldestickere.ro\/wp-content\/uploads\/2026\/02\/printing-mugs-workshop-640x800.jpg 640w, https:\/\/magazinuldestickere.ro\/wp-content\/uploads\/2026\/02\/printing-mugs-workshop-768x960.jpg 768w, https:\/\/magazinuldestickere.ro\/wp-content\/uploads\/2026\/02\/printing-mugs-workshop-1229x1536.jpg 1229w, https:\/\/magazinuldestickere.ro\/wp-content\/uploads\/2026\/02\/printing-mugs-workshop-1638x2048.jpg 1638w, https:\/\/magazinuldestickere.ro\/wp-content\/uploads\/2026\/02\/printing-mugs-workshop-10x12.jpg 10w, https:\/\/magazinuldestickere.ro\/wp-content\/uploads\/2026\/02\/printing-mugs-workshop-430x538.jpg 430w, https:\/\/magazinuldestickere.ro\/wp-content\/uploads\/2026\/02\/printing-mugs-workshop-700x875.jpg 700w, https:\/\/magazinuldestickere.ro\/wp-content\/uploads\/2026\/02\/printing-mugs-workshop-180x225.jpg 180w\" sizes=\"auto, (max-width: 2048px) 100vw, 2048px\" \/>\n\t\t\t\t\t\t\t\t\t\t\t\t\t<\/a>\n\t\t\t\t\t\t\t\t\t\t\t<\/div>\n\t\t\t\t\t\t\t\t\t\t\t\t\t\t\t<div class=\"wd-gallery-item wd-col\">\n\t\t\t\t\t\t\t\t\t\t\t\t\t<a  href=\"https:\/\/magazinuldestickere.ro\/wp-content\/uploads\/2026\/02\/printing-mugs-workshop-1-scaled.jpg\" data-width=\"2048\" data-height=\"2560\" data-index=\"2\" data-elementor-open-lightbox=\"no\">\n\t\t\t\t\t\t\n\t\t\t\t\t\t<img loading=\"lazy\" decoding=\"async\" width=\"2048\" height=\"2560\" src=\"https:\/\/magazinuldestickere.ro\/wp-content\/uploads\/2026\/02\/printing-mugs-workshop-1-scaled.jpg\" class=\"attachment-full size-full\" alt=\"Printing On Mugs In Workshop\" srcset=\"https:\/\/magazinuldestickere.ro\/wp-content\/uploads\/2026\/02\/printing-mugs-workshop-1-scaled.jpg 2048w, https:\/\/magazinuldestickere.ro\/wp-content\/uploads\/2026\/02\/printing-mugs-workshop-1-240x300.jpg 240w, https:\/\/magazinuldestickere.ro\/wp-content\/uploads\/2026\/02\/printing-mugs-workshop-1-640x800.jpg 640w, https:\/\/magazinuldestickere.ro\/wp-content\/uploads\/2026\/02\/printing-mugs-workshop-1-768x960.jpg 768w, https:\/\/magazinuldestickere.ro\/wp-content\/uploads\/2026\/02\/printing-mugs-workshop-1-1229x1536.jpg 1229w, https:\/\/magazinuldestickere.ro\/wp-content\/uploads\/2026\/02\/printing-mugs-workshop-1-1638x2048.jpg 1638w, https:\/\/magazinuldestickere.ro\/wp-content\/uploads\/2026\/02\/printing-mugs-workshop-1-10x12.jpg 10w, https:\/\/magazinuldestickere.ro\/wp-content\/uploads\/2026\/02\/printing-mugs-workshop-1-430x538.jpg 430w, https:\/\/magazinuldestickere.ro\/wp-content\/uploads\/2026\/02\/printing-mugs-workshop-1-700x875.jpg 700w, https:\/\/magazinuldestickere.ro\/wp-content\/uploads\/2026\/02\/printing-mugs-workshop-1-180x225.jpg 180w\" sizes=\"auto, (max-width: 2048px) 100vw, 2048px\" \/>\n\t\t\t\t\t\t\t\t\t\t\t\t\t<\/a>\n\t\t\t\t\t\t\t\t\t\t\t<\/div>\n\t\t\t\t\t\t\t\t\t\t\t\t\t<\/div>\n\t\t\t\t\t<\/div>\n\t\t\t\t\t\t<\/div>\n\t\t\t\t<\/div>\n\t\t\t\t<div class=\"elementor-element elementor-element-251bf50 wd-width-100 elementor-widget elementor-widget-wd_title\" data-id=\"251bf50\" data-element_type=\"widget\" data-e-type=\"widget\" data-widget_type=\"wd_title.default\">\n\t\t\t\t<div class=\"elementor-widget-container\">\n\t\t\t\t\t\t\t<div class=\"title-wrapper wd-set-mb reset-last-child wd-title-color-default wd-title-style-default wd-title-size-default text-left\">\n\n\t\t\t\n\t\t\t<div class=\"liner-continer\">\n\t\t\t\t<h4 class=\"woodmart-title-container title wd-fontsize-l\">\u26a0\ufe0fRecomand\u0103ri de \u00centre\u021binere \u26a0\ufe0f<\/h4> \n\t\t\t\t\t\t\t<\/div>\n\n\t\t\t\t\t<\/div>\n\t\t\t\t\t\t<\/div>\n\t\t\t\t<\/div>\n\t\t\t\t<div class=\"elementor-element elementor-element-fdc28ee elementor-widget elementor-widget-wd_text_block\" data-id=\"fdc28ee\" data-element_type=\"widget\" data-e-type=\"widget\" data-widget_type=\"wd_text_block.default\">\n\t\t\t\t<div class=\"elementor-widget-container\">\n\t\t\t\t\t\t\t<div class=\"wd-text-block reset-last-child text-left\">\n\t\t\t\n\t\t\t<p data-path-to-node=\"16\">Pentru a p\u0103stra intensitatea culorilor \u0219i str\u0103lucirea designului ca \u00een prima zi, <b data-path-to-node=\"14,1\" data-index-in-node=\"81\">recomand\u0103m sp\u0103larea manual\u0103<\/b> a c\u0103nii.<\/p><p data-path-to-node=\"16\">Expunerea repetat\u0103 la ciclurile dure ale ma\u0219inii de sp\u0103lat vase poate duce la decolorarea treptat\u0103 a graficii.<\/p><p data-path-to-node=\"16\">Fiecare can\u0103 vine ambalat\u0103 \u00eentr-o <b data-path-to-node=\"8,0,0\" data-index-in-node=\"61\">cutie de carton proprie.<\/b><\/p>\n\t\t\t\t\t<\/div>\n\t\t\t\t\t\t<\/div>\n\t\t\t\t<\/div>\n\t\t\t\t<\/div>\n\t\t\t\t<\/div>\n\t\t\t\t\t<\/div>\n\t\t\t\t<\/div>\n\t\t\t\t<\/div>","protected":false},"excerpt":{"rendered":"<ul>\n<li><b data-path-to-node=\"10,0,0\" data-index-in-node=\"0\">Capacitate:<\/b> 350 ml<\/li>\n<li><b data-path-to-node=\"10,1,0\" data-index-in-node=\"0\">Material:<\/b> Ceramic\u0103<\/li>\n<\/ul>","protected":false},"featured_media":18935,"comment_status":"open","ping_status":"closed","template":"","meta":[],"product_brand":[],"product_cat":[922,114],"product_tag":[],"class_list":{"0":"post-18934","1":"product","2":"type-product","3":"status-publish","4":"has-post-thumbnail","6":"product_cat-ziua-tatalui","7":"product_cat-cani","9":"first","10":"instock","11":"shipping-taxable","12":"purchasable","13":"product-type-simple"},"yoast_head":"<!-- This site is optimized with the Yoast SEO Premium plugin v19.1 (Yoast SEO v26.0) - https:\/\/yoast.com\/wordpress\/plugins\/seo\/ -->\n<title>Can\u0103 - Super Dad | magazinuldestickere.ro<\/title>\n<meta name=\"description\" content=\"Cana perfect\u0103 pentru t\u0103ticii care au nevoie de o doz\u0103 serioas\u0103 de cafea. Designul \u00een stil comic-book red\u0103 fidel realitatea vie\u021bii de p\u0103rinte.\" \/>\n<meta name=\"robots\" content=\"index, follow, max-snippet:-1, max-image-preview:large, max-video-preview:-1\" \/>\n<link rel=\"canonical\" href=\"https:\/\/magazinuldestickere.ro\/en\/product\/cana-super-dad\/\" \/>\n<meta property=\"og:locale\" content=\"en_US\" \/>\n<meta property=\"og:type\" content=\"article\" \/>\n<meta property=\"og:title\" content=\"Can\u0103 - Super Dad\" \/>\n<meta property=\"og:description\" content=\"Cana perfect\u0103 pentru t\u0103ticii care au nevoie de o doz\u0103 serioas\u0103 de cafea. Designul \u00een stil comic-book red\u0103 fidel realitatea vie\u021bii de p\u0103rinte.\" \/>\n<meta property=\"og:url\" content=\"https:\/\/magazinuldestickere.ro\/en\/product\/cana-super-dad\/\" \/>\n<meta property=\"og:site_name\" content=\"magazinuldestickere.ro\" \/>\n<meta property=\"article:publisher\" content=\"https:\/\/www.facebook.com\/magazinuldestickere.ro?locale=ro_RO\" \/>\n<meta property=\"article:modified_time\" content=\"2026-02-16T17:29:19+00:00\" \/>\n<meta property=\"og:image\" content=\"https:\/\/magazinuldestickere.ro\/wp-content\/uploads\/2026\/02\/tablou-canvas-orange-sun-magazinuldestickere.png\" \/>\n\t<meta property=\"og:image:width\" content=\"864\" \/>\n\t<meta property=\"og:image:height\" content=\"864\" \/>\n\t<meta property=\"og:image:type\" content=\"image\/png\" \/>\n<meta name=\"twitter:card\" content=\"summary_large_image\" \/>\n<meta name=\"twitter:label1\" content=\"Est. reading time\" \/>\n\t<meta name=\"twitter:data1\" content=\"3 minutes\" \/>\n<script type=\"application\/ld+json\" class=\"yoast-schema-graph\">{\"@context\":\"https:\/\/schema.org\",\"@graph\":[{\"@type\":\"WebPage\",\"@id\":\"https:\/\/magazinuldestickere.ro\/produs\/cana-super-dad\/\",\"url\":\"https:\/\/magazinuldestickere.ro\/produs\/cana-super-dad\/\",\"name\":\"Can\u0103 - Super Dad | magazinuldestickere.ro\",\"isPartOf\":{\"@id\":\"https:\/\/magazinuldestickere.ro\/#website\"},\"primaryImageOfPage\":{\"@id\":\"https:\/\/magazinuldestickere.ro\/produs\/cana-super-dad\/#primaryimage\"},\"image\":{\"@id\":\"https:\/\/magazinuldestickere.ro\/produs\/cana-super-dad\/#primaryimage\"},\"thumbnailUrl\":\"https:\/\/magazinuldestickere.ro\/wp-content\/uploads\/2026\/02\/cana-super-dad-magazinuldestickere.jpg\",\"datePublished\":\"2026-02-16T17:24:03+00:00\",\"dateModified\":\"2026-02-16T17:29:19+00:00\",\"description\":\"Cana perfect\u0103 pentru t\u0103ticii care au nevoie de o doz\u0103 serioas\u0103 de cafea. Designul \u00een stil comic-book red\u0103 fidel realitatea vie\u021bii de p\u0103rinte.\",\"breadcrumb\":{\"@id\":\"https:\/\/magazinuldestickere.ro\/produs\/cana-super-dad\/#breadcrumb\"},\"inLanguage\":\"en-US\",\"potentialAction\":[{\"@type\":\"ReadAction\",\"target\":[\"https:\/\/magazinuldestickere.ro\/produs\/cana-super-dad\/\"]}]},{\"@type\":\"ImageObject\",\"inLanguage\":\"en-US\",\"@id\":\"https:\/\/magazinuldestickere.ro\/produs\/cana-super-dad\/#primaryimage\",\"url\":\"https:\/\/magazinuldestickere.ro\/wp-content\/uploads\/2026\/02\/cana-super-dad-magazinuldestickere.jpg\",\"contentUrl\":\"https:\/\/magazinuldestickere.ro\/wp-content\/uploads\/2026\/02\/cana-super-dad-magazinuldestickere.jpg\",\"width\":1080,\"height\":1080},{\"@type\":\"BreadcrumbList\",\"@id\":\"https:\/\/magazinuldestickere.ro\/produs\/cana-super-dad\/#breadcrumb\",\"itemListElement\":[{\"@type\":\"ListItem\",\"position\":1,\"name\":\"Prima pagin\u0103\",\"item\":\"https:\/\/magazinuldestickere.ro\/\"},{\"@type\":\"ListItem\",\"position\":2,\"name\":\"Shop\",\"item\":\"https:\/\/magazinuldestickere.ro\/shop-2\/\"},{\"@type\":\"ListItem\",\"position\":3,\"name\":\"Can\u0103 &#8211; Super Dad\"}]},{\"@type\":\"WebSite\",\"@id\":\"https:\/\/magazinuldestickere.ro\/#website\",\"url\":\"https:\/\/magazinuldestickere.ro\/\",\"name\":\"magazinuldestickere.ro\",\"description\":\"\",\"publisher\":{\"@id\":\"https:\/\/magazinuldestickere.ro\/#organization\"},\"potentialAction\":[{\"@type\":\"SearchAction\",\"target\":{\"@type\":\"EntryPoint\",\"urlTemplate\":\"https:\/\/magazinuldestickere.ro\/?s={search_term_string}\"},\"query-input\":{\"@type\":\"PropertyValueSpecification\",\"valueRequired\":true,\"valueName\":\"search_term_string\"}}],\"inLanguage\":\"en-US\"},{\"@type\":\"Organization\",\"@id\":\"https:\/\/magazinuldestickere.ro\/#organization\",\"name\":\"magazinuldestickere.ro\",\"alternateName\":\"MDS\",\"url\":\"https:\/\/magazinuldestickere.ro\/\",\"logo\":{\"@type\":\"ImageObject\",\"inLanguage\":\"en-US\",\"@id\":\"https:\/\/magazinuldestickere.ro\/#\/schema\/logo\/image\/\",\"url\":\"https:\/\/magazinuldestickere.ro\/wp-content\/uploads\/2023\/01\/logo-fb.png\",\"contentUrl\":\"https:\/\/magazinuldestickere.ro\/wp-content\/uploads\/2023\/01\/logo-fb.png\",\"width\":2500,\"height\":2500,\"caption\":\"magazinuldestickere.ro\"},\"image\":{\"@id\":\"https:\/\/magazinuldestickere.ro\/#\/schema\/logo\/image\/\"},\"sameAs\":[\"https:\/\/www.facebook.com\/magazinuldestickere.ro?locale=ro_RO\",\"https:\/\/www.instagram.com\/magazinuldestickere.ro\/\"]}]}<\/script>\n<!-- \/ Yoast SEO Premium plugin. -->","yoast_head_json":{"title":"Can\u0103 - Super Dad | magazinuldestickere.ro","description":"Cana perfect\u0103 pentru t\u0103ticii care au nevoie de o doz\u0103 serioas\u0103 de cafea. Designul \u00een stil comic-book red\u0103 fidel realitatea vie\u021bii de p\u0103rinte.","robots":{"index":"index","follow":"follow","max-snippet":"max-snippet:-1","max-image-preview":"max-image-preview:large","max-video-preview":"max-video-preview:-1"},"canonical":"https:\/\/magazinuldestickere.ro\/en\/product\/cana-super-dad\/","og_locale":"en_US","og_type":"article","og_title":"Can\u0103 - Super Dad","og_description":"Cana perfect\u0103 pentru t\u0103ticii care au nevoie de o doz\u0103 serioas\u0103 de cafea. Designul \u00een stil comic-book red\u0103 fidel realitatea vie\u021bii de p\u0103rinte.","og_url":"https:\/\/magazinuldestickere.ro\/en\/product\/cana-super-dad\/","og_site_name":"magazinuldestickere.ro","article_publisher":"https:\/\/www.facebook.com\/magazinuldestickere.ro?locale=ro_RO","article_modified_time":"2026-02-16T17:29:19+00:00","og_image":[{"width":864,"height":864,"url":"https:\/\/magazinuldestickere.ro\/wp-content\/uploads\/2026\/02\/tablou-canvas-orange-sun-magazinuldestickere.png","type":"image\/png"}],"twitter_card":"summary_large_image","twitter_misc":{"Est. reading time":"3 minutes"},"schema":{"@context":"https:\/\/schema.org","@graph":[{"@type":"WebPage","@id":"https:\/\/magazinuldestickere.ro\/produs\/cana-super-dad\/","url":"https:\/\/magazinuldestickere.ro\/produs\/cana-super-dad\/","name":"Can\u0103 - Super Dad | magazinuldestickere.ro","isPartOf":{"@id":"https:\/\/magazinuldestickere.ro\/#website"},"primaryImageOfPage":{"@id":"https:\/\/magazinuldestickere.ro\/produs\/cana-super-dad\/#primaryimage"},"image":{"@id":"https:\/\/magazinuldestickere.ro\/produs\/cana-super-dad\/#primaryimage"},"thumbnailUrl":"https:\/\/magazinuldestickere.ro\/wp-content\/uploads\/2026\/02\/cana-super-dad-magazinuldestickere.jpg","datePublished":"2026-02-16T17:24:03+00:00","dateModified":"2026-02-16T17:29:19+00:00","description":"Cana perfect\u0103 pentru t\u0103ticii care au nevoie de o doz\u0103 serioas\u0103 de cafea. Designul \u00een stil comic-book red\u0103 fidel realitatea vie\u021bii de p\u0103rinte.","breadcrumb":{"@id":"https:\/\/magazinuldestickere.ro\/produs\/cana-super-dad\/#breadcrumb"},"inLanguage":"en-US","potentialAction":[{"@type":"ReadAction","target":["https:\/\/magazinuldestickere.ro\/produs\/cana-super-dad\/"]}]},{"@type":"ImageObject","inLanguage":"en-US","@id":"https:\/\/magazinuldestickere.ro\/produs\/cana-super-dad\/#primaryimage","url":"https:\/\/magazinuldestickere.ro\/wp-content\/uploads\/2026\/02\/cana-super-dad-magazinuldestickere.jpg","contentUrl":"https:\/\/magazinuldestickere.ro\/wp-content\/uploads\/2026\/02\/cana-super-dad-magazinuldestickere.jpg","width":1080,"height":1080},{"@type":"BreadcrumbList","@id":"https:\/\/magazinuldestickere.ro\/produs\/cana-super-dad\/#breadcrumb","itemListElement":[{"@type":"ListItem","position":1,"name":"Prima pagin\u0103","item":"https:\/\/magazinuldestickere.ro\/"},{"@type":"ListItem","position":2,"name":"Shop","item":"https:\/\/magazinuldestickere.ro\/shop-2\/"},{"@type":"ListItem","position":3,"name":"Can\u0103 &#8211; Super Dad"}]},{"@type":"WebSite","@id":"https:\/\/magazinuldestickere.ro\/#website","url":"https:\/\/magazinuldestickere.ro\/","name":"magazinuldestickere.ro","description":"","publisher":{"@id":"https:\/\/magazinuldestickere.ro\/#organization"},"potentialAction":[{"@type":"SearchAction","target":{"@type":"EntryPoint","urlTemplate":"https:\/\/magazinuldestickere.ro\/?s={search_term_string}"},"query-input":{"@type":"PropertyValueSpecification","valueRequired":true,"valueName":"search_term_string"}}],"inLanguage":"en-US"},{"@type":"Organization","@id":"https:\/\/magazinuldestickere.ro\/#organization","name":"magazinuldestickere.ro","alternateName":"MDS","url":"https:\/\/magazinuldestickere.ro\/","logo":{"@type":"ImageObject","inLanguage":"en-US","@id":"https:\/\/magazinuldestickere.ro\/#\/schema\/logo\/image\/","url":"https:\/\/magazinuldestickere.ro\/wp-content\/uploads\/2023\/01\/logo-fb.png","contentUrl":"https:\/\/magazinuldestickere.ro\/wp-content\/uploads\/2023\/01\/logo-fb.png","width":2500,"height":2500,"caption":"magazinuldestickere.ro"},"image":{"@id":"https:\/\/magazinuldestickere.ro\/#\/schema\/logo\/image\/"},"sameAs":["https:\/\/www.facebook.com\/magazinuldestickere.ro?locale=ro_RO","https:\/\/www.instagram.com\/magazinuldestickere.ro\/"]}]}},"jetpack_sharing_enabled":true,"_links":{"self":[{"href":"https:\/\/magazinuldestickere.ro\/en\/wp-json\/wp\/v2\/product\/18934","targetHints":{"allow":["GET"]}}],"collection":[{"href":"https:\/\/magazinuldestickere.ro\/en\/wp-json\/wp\/v2\/product"}],"about":[{"href":"https:\/\/magazinuldestickere.ro\/en\/wp-json\/wp\/v2\/types\/product"}],"replies":[{"embeddable":true,"href":"https:\/\/magazinuldestickere.ro\/en\/wp-json\/wp\/v2\/comments?post=18934"}],"version-history":[{"count":2,"href":"https:\/\/magazinuldestickere.ro\/en\/wp-json\/wp\/v2\/product\/18934\/revisions"}],"predecessor-version":[{"id":18938,"href":"https:\/\/magazinuldestickere.ro\/en\/wp-json\/wp\/v2\/product\/18934\/revisions\/18938"}],"wp:featuredmedia":[{"embeddable":true,"href":"https:\/\/magazinuldestickere.ro\/en\/wp-json\/wp\/v2\/media\/18935"}],"wp:attachment":[{"href":"https:\/\/magazinuldestickere.ro\/en\/wp-json\/wp\/v2\/media?parent=18934"}],"wp:term":[{"taxonomy":"product_brand","embeddable":true,"href":"https:\/\/magazinuldestickere.ro\/en\/wp-json\/wp\/v2\/product_brand?post=18934"},{"taxonomy":"product_cat","embeddable":true,"href":"https:\/\/magazinuldestickere.ro\/en\/wp-json\/wp\/v2\/product_cat?post=18934"},{"taxonomy":"product_tag","embeddable":true,"href":"https:\/\/magazinuldestickere.ro\/en\/wp-json\/wp\/v2\/product_tag?post=18934"}],"curies":[{"name":"wp","href":"https:\/\/api.w.org\/{rel}","templated":true}]}}